{"id":28,"date":"2013-02-18T15:19:53","date_gmt":"2013-02-18T15:19:53","guid":{"rendered":"http:\/\/septimus.wp.themewoodmen.createit.pl\/?page_id=28"},"modified":"2023-04-09T11:27:48","modified_gmt":"2023-04-09T11:27:48","slug":"hakkimizda","status":"publish","type":"page","link":"https:\/\/fuaray.com.tr\/tr\/hakkimizda\/","title":{"rendered":"HAKKIMIZDA"},"content":{"rendered":"<p><div class=\"fusion-fullwidth fullwidth-box fusion-builder-row-1 nonhundred-percent-fullwidth non-hundred-percent-height-scrolling\" style=\"--awb-border-radius-top-left:0px;--awb-border-radius-top-right:0px;--awb-border-radius-bottom-right:0px;--awb-border-radius-bottom-left:0px;--awb-flex-wrap:wrap;\" ><div class=\"fusion-builder-row fusion-row\"><div class=\"fusion-layout-column fusion_builder_column fusion-builder-column-0 fusion_builder_column_1_1 1_1 fusion-one-full fusion-column-first fusion-column-last\" style=\"--awb-bg-size:cover;--awb-margin-bottom:0px;\"><div class=\"fusion-column-wrapper fusion-flex-column-wrapper-legacy\"><div class=\"fusion-title title fusion-title-1 fusion-title-center fusion-title-text fusion-title-size-three\" style=\"--awb-margin-top-small:0px;--awb-margin-right-small:0px;--awb-margin-bottom-small:20px;--awb-margin-left-small:0px;\"><div class=\"title-sep-container title-sep-container-left\"><div class=\"title-sep sep- sep-solid\" style=\"border-color:#e2e2e2;\"><\/div><\/div><span class=\"awb-title-spacer\"><\/span><h3 class=\"fusion-title-heading title-heading-center fusion-responsive-typography-calculated\" style=\"margin:0;--fontSize:28;line-height:1.6;\"><p style=\"text-align: center;\">Hakk\u0131m\u0131zda<\/p><\/h3><span class=\"awb-title-spacer\"><\/span><div class=\"title-sep-container title-sep-container-right\"><div class=\"title-sep sep- sep-solid\" style=\"border-color:#e2e2e2;\"><\/div><\/div><\/div><div class=\"fusion-text fusion-text-1\" style=\"--awb-font-size:35px;\"><h4 style=\"text-align: center;\">Fuaray Mimarl\u0131k ve stant hizmetleri, kendi \u00fcretim kapasitesi ve tamamen profesyonel<br \/>\nkadrosu ile ulusal ve uluslararas\u0131 fuarlarda uygun fiyat politikas\u0131 ile m\u00fc\u015fterilerine kaliteli organizasyon i\u015fbirli\u011fi sunmaktad\u0131r.<\/h4>\n<\/div><div class=\"fusion-builder-row fusion-builder-row-inner fusion-row\"><div class=\"fusion-layout-column fusion_builder_column_inner fusion-builder-nested-column-0 fusion_builder_column_inner_1_2 1_2 fusion-one-half fusion-column-first\" style=\"--awb-bg-size:cover;width:50%;width:calc(50% - ( ( 4% ) * 0.5 ) );margin-right: 4%;\"><div class=\"fusion-column-wrapper fusion-column-has-shadow fusion-flex-column-wrapper-legacy\"><div class=\"fusion-text fusion-text-2\"><p>Fuaray olarak y\u0131llar\u0131n getirdi\u011fi \u00f6zveri, tecr\u00fcbe ve sekt\u00f6rde kendini kan\u0131tlam\u0131\u015f olan fuar stand imalat\u0131m\u0131z ile sizlere en uygun fiyat ve y\u00fcksek kalite politikam\u0131z do\u011frultusunda, g\u00fcler y\u00fczl\u00fc hizmet anlay\u0131\u015f\u0131 ve d\u00fcnya standartlar\u0131nda fuar stand tasar\u0131m\u0131, ofis tasar\u0131m\u0131, konsept showroomlar, i\u00e7 mekan tasar\u0131m\u0131, \u00fcr\u00fcn te\u015fhir stant tasar\u0131m\u0131 ile kaliteli hizmet, m\u00fc\u015fteri memnuniyetini \u00f6n planda tutarak yoluna emin ad\u0131mlarla devam etmektedir.<\/p>\n<p>Fuar stand hizmetlerini bir paket olarak hizmet sunmay\u0131 ama\u00e7layan Fuaray, fuar stand\u0131 ilk kurulumundan stant s\u00f6k\u00fcm\u00fcne kadar komplike hizmet vermektedir. Hizmetlerimiz ba\u015fl\u0131calar\u0131 Fuar stand tasar\u0131m\u0131, stand kurulum, fuar boyunca lojistik hizmet, fuar hostes, catering, g\u00fcnl\u00fck ev, fuar ev temini ve stand s\u00f6k\u00fcm\u00fcd\u00fcr.<\/p>\n<p><strong>\u201cFuaray i\u00e7in ba\u015far\u0131,size kaliteli hizmet vermektir\u201d<\/strong><\/p>\n<\/div><div class=\"fusion-clearfix\"><\/div><\/div><\/div><div class=\"fusion-layout-column fusion_builder_column_inner fusion-builder-nested-column-1 fusion_builder_column_inner_1_2 1_2 fusion-one-half fusion-column-last\" style=\"--awb-bg-size:cover;width:50%;width:calc(50% - ( ( 4% ) * 0.5 ) );\"><div class=\"fusion-column-wrapper fusion-column-has-shadow fusion-flex-column-wrapper-legacy\"><div class=\"fusion-video fusion-selfhosted-video\" style=\"max-width:100%;\"><div class=\"video-wrapper\"><video playsinline=\"true\" width=\"100%\" style=\"object-fit: cover;\" autoplay=\"true\" loop=\"true\" poster=\"https:\/\/fuaray.com.tr\/tr\/wp-content\/uploads\/2023\/04\/logo-fuaray.jpg\" preload=\"auto\" controls=\"1\"><source src=\"https:\/\/fuaray.com.tr\/tr\/wp-content\/uploads\/2023\/04\/fuaray-tanitim-videosu.mp4\" type=\"video\/mp4\">Sorry, your browser doesn&#039;t support embedded videos.<\/video><\/div><\/div><div class=\"fusion-clearfix\"><\/div><\/div><\/div><\/div><div class=\"fusion-clearfix\"><\/div><\/div><\/div><\/div><\/div><div class=\"fusion-fullwidth fullwidth-box fusion-builder-row-2 nonhundred-percent-fullwidth non-hundred-percent-height-scrolling\" style=\"--awb-border-radius-top-left:0px;--awb-border-radius-top-right:0px;--awb-border-radius-bottom-right:0px;--awb-border-radius-bottom-left:0px;--awb-padding-top:4%;--awb-padding-right:4%;--awb-padding-bottom:4%;--awb-padding-left:4%;--awb-background-color:rgba(232,232,232,0.51);--awb-flex-wrap:wrap;\" ><div class=\"fusion-builder-row fusion-row\"><div class=\"fusion-layout-column fusion_builder_column fusion-builder-column-1 fusion_builder_column_1_1 1_1 fusion-one-full fusion-column-first fusion-column-last\" style=\"--awb-bg-size:cover;\"><div class=\"fusion-column-wrapper fusion-column-has-shadow fusion-flex-column-wrapper-legacy\"><div class=\"fusion-builder-row fusion-builder-row-inner fusion-row\"><div class=\"fusion-layout-column fusion_builder_column_inner fusion-builder-nested-column-2 fusion_builder_column_inner_1_5 1_5 fusion-one-fifth fusion-column-first\" style=\"--awb-bg-size:cover;width:20%;width:calc(20% - ( ( 4% + 4% + 4% + 4% ) * 0.2 ) );margin-right: 4%;\"><div class=\"fusion-column-wrapper fusion-column-has-shadow fusion-flex-column-wrapper-legacy\"><div class=\"fusion-fa-align-center\"><i class=\"fb-icon-element-1 fb-icon-element fontawesome-icon fa-pencil-ruler fas circle-yes\" style=\"--awb-circlebordersize:1px;--awb-font-size:28.16px;--awb-width:56.32px;--awb-height:56.32px;--awb-line-height:54.32px;\"><\/i><\/div><div class=\"fusion-text fusion-text-3\"><h4 style=\"text-align: center;\"><strong>Fuar stantlar\u0131n\u0131n tasar\u0131m\u0131<\/strong><\/h4>\n<\/div><div class=\"fusion-clearfix\"><\/div><\/div><\/div><div class=\"fusion-layout-column fusion_builder_column_inner fusion-builder-nested-column-3 fusion_builder_column_inner_1_5 1_5 fusion-one-fifth\" style=\"--awb-bg-size:cover;width:20%;width:calc(20% - ( ( 4% + 4% + 4% + 4% ) * 0.2 ) );margin-right: 4%;\"><div class=\"fusion-column-wrapper fusion-column-has-shadow fusion-flex-column-wrapper-legacy\"><div class=\"fusion-fa-align-center\"><i class=\"fb-icon-element-2 fb-icon-element fontawesome-icon fa-hammer fas circle-yes\" style=\"--awb-circlebordersize:1px;--awb-font-size:28.16px;--awb-width:56.32px;--awb-height:56.32px;--awb-line-height:54.32px;\"><\/i><\/div><div class=\"fusion-text fusion-text-4\"><h4 style=\"text-align: center;\"><strong>Stantlar\u0131n Yap\u0131lmas\u0131<\/strong><\/h4>\n<\/div><div class=\"fusion-clearfix\"><\/div><\/div><\/div><div class=\"fusion-layout-column fusion_builder_column_inner fusion-builder-nested-column-4 fusion_builder_column_inner_1_5 1_5 fusion-one-fifth\" style=\"--awb-bg-size:cover;width:20%;width:calc(20% - ( ( 4% + 4% + 4% + 4% ) * 0.2 ) );margin-right: 4%;\"><div class=\"fusion-column-wrapper fusion-column-has-shadow fusion-flex-column-wrapper-legacy\"><div class=\"fusion-fa-align-center\"><i class=\"fb-icon-element-3 fb-icon-element fontawesome-icon fa-shipping-fast fas circle-yes\" style=\"--awb-circlebordersize:1px;--awb-font-size:28.16px;--awb-width:56.32px;--awb-height:56.32px;--awb-line-height:54.32px;\"><\/i><\/div><div class=\"fusion-text fusion-text-5\"><h4 style=\"text-align: center;\"><strong>Fuar s\u00fcresince lojistik<\/strong><\/h4>\n<\/div><div class=\"fusion-clearfix\"><\/div><\/div><\/div><div class=\"fusion-layout-column fusion_builder_column_inner fusion-builder-nested-column-5 fusion_builder_column_inner_1_5 1_5 fusion-one-fifth\" style=\"--awb-bg-size:cover;width:20%;width:calc(20% - ( ( 4% + 4% + 4% + 4% ) * 0.2 ) );margin-right: 4%;\"><div class=\"fusion-column-wrapper fusion-column-has-shadow fusion-flex-column-wrapper-legacy\"><div class=\"fusion-fa-align-center\"><i class=\"fb-icon-element-4 fb-icon-element fontawesome-icon fa-user-clock fas circle-yes\" style=\"--awb-circlebordersize:1px;--awb-font-size:28.16px;--awb-width:56.32px;--awb-height:56.32px;--awb-line-height:54.32px;\"><\/i><\/div><div class=\"fusion-text fusion-text-6\"><h4 style=\"text-align: center;\"><strong>Fuar g\u00f6revlisi<\/strong><\/h4>\n<\/div><div class=\"fusion-clearfix\"><\/div><\/div><\/div><div class=\"fusion-layout-column fusion_builder_column_inner fusion-builder-nested-column-6 fusion_builder_column_inner_1_5 1_5 fusion-one-fifth fusion-column-last\" style=\"--awb-bg-size:cover;width:20%;width:calc(20% - ( ( 4% + 4% + 4% + 4% ) * 0.2 ) );\"><div class=\"fusion-column-wrapper fusion-column-has-shadow fusion-flex-column-wrapper-legacy\"><div class=\"fusion-fa-align-center\"><i class=\"fb-icon-element-5 fb-icon-element fontawesome-icon fa-utensils fas circle-yes\" style=\"--awb-circlebordersize:1px;--awb-font-size:28.16px;--awb-width:56.32px;--awb-height:56.32px;--awb-line-height:54.32px;\"><\/i><\/div><div class=\"fusion-text fusion-text-7\"><h4 style=\"text-align: center;\"><strong>Yemek servisi<\/strong><\/h4>\n<\/div><div class=\"fusion-clearfix\"><\/div><\/div><\/div><\/div><div class=\"fusion-clearfix\"><\/div><\/div><\/div><\/div><\/div><div class=\"fusion-fullwidth fullwidth-box fusion-builder-row-3 fusion-flex-container nonhundred-percent-fullwidth non-hundred-percent-height-scrolling\" style=\"--awb-border-radius-top-left:0px;--awb-border-radius-top-right:0px;--awb-border-radius-bottom-right:0px;--awb-border-radius-bottom-left:0px;--awb-flex-wrap:wrap;\" ><div class=\"fusion-builder-row fusion-row fusion-flex-align-items-flex-start fusion-flex-content-wrap\" style=\"max-width:1216.8px;margin-left: calc(-4% \/ 2 );margin-right: calc(-4% \/ 2 );\"><div class=\"fusion-layout-column fusion_builder_column fusion-builder-column-2 fusion_builder_column_1_1 1_1 fusion-flex-column\" style=\"--awb-bg-size:cover;--awb-width-large:100%;--awb-margin-top-large:0px;--awb-spacing-right-large:1.92%;--awb-margin-bottom-large:20px;--awb-spacing-left-large:1.92%;--awb-width-medium:100%;--awb-order-medium:0;--awb-spacing-right-medium:1.92%;--awb-spacing-left-medium:1.92%;--awb-width-small:100%;--awb-order-small:0;--awb-spacing-right-small:1.92%;--awb-spacing-left-small:1.92%;\"><div class=\"fusion-column-wrapper fusion-column-has-shadow fusion-flex-justify-content-flex-start fusion-content-layout-column\"><div class=\"fusion-title title fusion-title-2 fusion-title-text fusion-title-size-three\" style=\"--awb-margin-top-small:0px;--awb-margin-right-small:0px;--awb-margin-bottom-small:20px;--awb-margin-left-small:0px;\"><div class=\"title-sep-container title-sep-container-left fusion-no-large-visibility fusion-no-medium-visibility fusion-no-small-visibility\"><div class=\"title-sep sep- sep-solid\" style=\"border-color:#e2e2e2;\"><\/div><\/div><span class=\"awb-title-spacer fusion-no-large-visibility fusion-no-medium-visibility fusion-no-small-visibility\"><\/span><h3 class=\"fusion-title-heading title-heading-left fusion-responsive-typography-calculated\" style=\"margin:0;--fontSize:28;line-height:1.6;\">Yurti\u00e7i ve Yurtd\u0131\u015f\u0131 Fuar Stand Hizmetleri<\/h3><span class=\"awb-title-spacer\"><\/span><div class=\"title-sep-container title-sep-container-right\"><div class=\"title-sep sep- sep-solid\" style=\"border-color:#e2e2e2;\"><\/div><\/div><\/div><div class=\"fusion-text fusion-text-8\"><p>T\u00fcrkiye de fuar sekt\u00f6r\u00fcn\u00fcn geli\u015fmesiyle birlikte<span class=\"Apple-converted-space\">\u00a0<\/span>fuar stand<span class=\"Apple-converted-space\">\u00a0<\/span>sekt\u00f6r\u00fc de buna paralel olarak geli\u015fmekte ve her g\u00fcn kendini yenilemekte. Avrupa\u2019n\u0131n Asya ya a\u00e7\u0131lan penceresi konumuna gelen T\u00fcrk fuarc\u0131l\u0131k sekt\u00f6r\u00fc h\u0131zl\u0131 b\u00fcy\u00fcmekte ve her ge\u00e7en g\u00fcn \u00f6nemli projelere imza atmakta. \u00d6zellikle yurt d\u0131\u015f\u0131 kat\u0131l\u0131mc\u0131lar\u0131n yo\u011funlukta oldu\u011fu fuarlar g\u00fcnden g\u00fcne artmakta. Firmalar\u0131n kat\u0131ld\u0131klar\u0131 fuarlarda kendilerini en iyi \u015fekilde temsil etmelerinin ve tan\u0131tmalar\u0131n\u0131n birinci unsuru da g\u00fczel ve kendilerini ifade eden bir standla kat\u0131lmalar\u0131. \u0130\u015fte bu noktada devreye giren Fuaray<span class=\"Apple-converted-space\">\u00a0<\/span>Fuar Stand<span class=\"Apple-converted-space\">\u00a0<\/span>Hizmetleri kat\u0131l\u0131mc\u0131 firmalara profesyonel mimar kadrosuyla hizmet vermekte ve firmaya uygun tasar\u0131m\u0131 ve projeyi haz\u0131rlamak i\u00e7in firmayla ilgili en k\u00fc\u00e7\u00fck detaylar\u0131 dahi inceleyerek firmay\u0131 en iyi \u015fekilde temsil edecek projeyi haz\u0131rlamaktad\u0131r.<\/p>\n<\/div><\/div><\/div><\/div><\/div><div class=\"fusion-fullwidth fullwidth-box fusion-builder-row-4 fusion-flex-container nonhundred-percent-fullwidth non-hundred-percent-height-scrolling\" style=\"--awb-border-radius-top-left:0px;--awb-border-radius-top-right:0px;--awb-border-radius-bottom-right:0px;--awb-border-radius-bottom-left:0px;--awb-flex-wrap:wrap;\" ><div class=\"fusion-builder-row fusion-row fusion-flex-align-items-flex-start fusion-flex-content-wrap\" style=\"max-width:1216.8px;margin-left: calc(-4% \/ 2 );margin-right: calc(-4% \/ 2 );\"><div class=\"fusion-layout-column fusion_builder_column fusion-builder-column-3 fusion_builder_column_1_1 1_1 fusion-flex-column\" style=\"--awb-bg-size:cover;--awb-width-large:100%;--awb-margin-top-large:0px;--awb-spacing-right-large:1.92%;--awb-margin-bottom-large:20px;--awb-spacing-left-large:1.92%;--awb-width-medium:100%;--awb-order-medium:0;--awb-spacing-right-medium:1.92%;--awb-spacing-left-medium:1.92%;--awb-width-small:100%;--awb-order-small:0;--awb-spacing-right-small:1.92%;--awb-spacing-left-small:1.92%;\"><div class=\"fusion-column-wrapper fusion-column-has-shadow fusion-flex-justify-content-flex-start fusion-content-layout-column\"><div class=\"fusion-title title fusion-title-3 fusion-title-text fusion-title-size-three\" style=\"--awb-margin-top-small:0px;--awb-margin-right-small:0px;--awb-margin-bottom-small:20px;--awb-margin-left-small:0px;\"><div class=\"title-sep-container title-sep-container-left fusion-no-large-visibility fusion-no-medium-visibility fusion-no-small-visibility\"><div class=\"title-sep sep- sep-solid\" style=\"border-color:#e2e2e2;\"><\/div><\/div><span class=\"awb-title-spacer fusion-no-large-visibility fusion-no-medium-visibility fusion-no-small-visibility\"><\/span><h3 class=\"fusion-title-heading title-heading-left fusion-responsive-typography-calculated\" style=\"margin:0;--fontSize:28;line-height:1.6;\">M\u00fc\u015fterilerimizi Memnun Etti\u011fimiz Fuarlar<\/h3><span class=\"awb-title-spacer\"><\/span><div class=\"title-sep-container title-sep-container-right\"><div class=\"title-sep sep- sep-solid\" style=\"border-color:#e2e2e2;\"><\/div><\/div><\/div><div class=\"fusion-text fusion-text-9\"><p>&#8211; <a href=\"#\">SIGN \u0130STANBUL<\/a> \u00a0&#8211; EVTEKS &#8211; SODEX &#8211; <a href=\"https:\/\/fuaray.com.tr\/tr\/kategori\/intermob\/\">INTERMOB<\/a>\u00a0 &#8211; KAU\u00c7UK VE PLAST\u0130K FUARI &#8211; A-TECH\u00a0 \u00a0&#8211; \u00a0&#8211; BUMATECH &#8211; PLAST EURASIA &#8211; &#8211; EXPOMED FUARI &#8211; OYUNCAK FUARI &#8211; FOOD&amp;NUTRITIONAL INGREDIENTS &#8211;\u00a0KLIVET BAHAR SEMPOZYOMU &#8211;<\/p>\n<p><a href=\"https:\/\/fuaray.com.tr\/tr\/kategori\/asansor\/\">ASANS\u00d6R FUARI<\/a> &#8211; <a href=\"https:\/\/fuaray.com.tr\/tr\/kategori\/automechanika\">AUTOMECHANIKA<\/a> &#8211; <a href=\"https:\/\/fuaray.com.tr\/tr\/kategori\/avrasya-ambalaj\">AVRASYA AMBALAJ<\/a> &#8211; <a href=\"https:\/\/fuaray.com.tr\/tr\/kategori\/avrasya-boat-show\/\">AVRASYA BOAT SHOW &#8211;<\/a> &#8211; <a href=\"https:\/\/fuaray.com.tr\/tr\/kategori\/avrasya-kapi-pencere\/\">AVRASYA KAPI PENCERE FUARI<\/a> &#8211; <a href=\"https:\/\/fuaray.com.tr\/tr\/kategori\/avrasya-plastik-fuari\/\">AVRASYA PLAST\u0130K FUARI<\/a> &#8211; <a href=\"https:\/\/fuaray.com.tr\/tr\/kategori\/aymod\/\">AYMOD<\/a> &#8211; <a href=\"https:\/\/fuaray.com.tr\/tr\/kategori\/beauty\/\">BEAUTY EURASIA\u00a0<\/a> &#8211; <a href=\"https:\/\/fuaray.com.tr\/tr\/kategori\/cbme-fuari\/\">CBME FUARI<\/a> &#8211; <a href=\"https:\/\/fuaray.com.tr\/tr\/kategori\/food-istanbul\/\">WORLDFOOD \u0130STANBUL<\/a> &#8211; <a href=\"https:\/\/fuaray.com.tr\/tr\/kategori\/food-tech\/\">FOOD TECH<\/a> &#8211; <a href=\"https:\/\/fuaray.com.tr\/tr\/kategori\/hometex\/\">HOMETEX FUARI<\/a> &#8211; HOSTECH BY TUSID &#8211; <a href=\"https:\/\/fuaray.com.tr\/tr\/kategori\/host-fuari\/\">HOST iSTANBUL FUARI<\/a> &#8211; <a href=\"https:\/\/fuaray.com.tr\/tr\/kategori\/if-wedding\/\">IF WEDDING FUARI<\/a> &#8211; <a href=\"https:\/\/fuaray.com.tr\/tr\/kategori\/iff-mobilya-fuari\/\">MOB\u0130LYA FUARI<\/a> &#8211; <a href=\"https:\/\/fuaray.com.tr\/tr\/kategori\/intermob\/\">INTERMOB<\/a> &#8211; <a href=\"https:\/\/fuaray.com.tr\/tr\/kategori\/jewelry\/\">\u0130STANBUL JEWELRY<\/a> &#8211; <a href=\"https:\/\/fuaray.com.tr\/tr\/kategori\/linexpo\/\">L\u0130NEXPO FUARI<\/a> &#8211; <a href=\"https:\/\/fuaray.com.tr\/tr\/kategori\/maden-fuari\/\">MADEN FUARI<\/a> &#8211; <a href=\"https:\/\/fuaray.com.tr\/tr\/kategori\/maktek-fuari\/\">MAKTEK FUARI<\/a> &#8211; <a href=\"https:\/\/fuaray.com.tr\/tr\/kategori\/marble\">MARBLE<\/a> FUARI &#8211; <a href=\"https:\/\/fuaray.com.tr\/tr\/kategori\/metal-expo-fuari\/\">METAL EXPO FUARI<\/a> &#8211; <a href=\"https:\/\/fuaray.com.tr\/tr\/kategori\/promogift\/\">PROMOGIFT FUARI<\/a> &#8211; <a href=\"https:\/\/fuaray.com.tr\/tr\/kategori\/saha-expo-fuari\">SAHA EXPO FUARI<\/a> &#8211; <a href=\"https:\/\/fuaray.com.tr\/tr\/kategori\/unicera-fuari\/\">UNICERA<\/a> &#8211; <a href=\"https:\/\/fuaray.com.tr\/tr\/kategori\/win-eurasia\/\">W\u0130N EURASIA<\/a> &#8211; <a href=\"https:\/\/fuaray.com.tr\/tr\/kategori\/yapi\/\">YAPI FUARI<\/a> &#8211; <a href=\"https:\/\/fuaray.com.tr\/tr\/kategori\/zuchex\">ZUCHEX<\/a><\/p>\n<\/div><\/div><\/div><\/div><\/div><\/p>\n","protected":false},"excerpt":{"rendered":"","protected":false},"author":1,"featured_media":0,"parent":0,"menu_order":0,"comment_status":"open","ping_status":"open","template":"","meta":{"footnotes":""},"class_list":["post-28","page","type-page","status-publish","hentry"],"_links":{"self":[{"href":"https:\/\/fuaray.com.tr\/tr\/wp-json\/wp\/v2\/pages\/28","targetHints":{"allow":["GET"]}}],"collection":[{"href":"https:\/\/fuaray.com.tr\/tr\/wp-json\/wp\/v2\/pages"}],"about":[{"href":"https:\/\/fuaray.com.tr\/tr\/wp-json\/wp\/v2\/types\/page"}],"author":[{"embeddable":true,"href":"https:\/\/fuaray.com.tr\/tr\/wp-json\/wp\/v2\/users\/1"}],"replies":[{"embeddable":true,"href":"https:\/\/fuaray.com.tr\/tr\/wp-json\/wp\/v2\/comments?post=28"}],"version-history":[{"count":35,"href":"https:\/\/fuaray.com.tr\/tr\/wp-json\/wp\/v2\/pages\/28\/revisions"}],"predecessor-version":[{"id":4265,"href":"https:\/\/fuaray.com.tr\/tr\/wp-json\/wp\/v2\/pages\/28\/revisions\/4265"}],"wp:attachment":[{"href":"https:\/\/fuaray.com.tr\/tr\/wp-json\/wp\/v2\/media?parent=28"}],"curies":[{"name":"wp","href":"https:\/\/api.w.org\/{rel}","templated":true}]}}